{"id":42,"date":"2024-09-15T16:23:55","date_gmt":"2024-09-15T16:23:55","guid":{"rendered":"https:\/\/xn--markfrmark-eeb.de\/?page_id=42"},"modified":"2024-11-21T17:38:45","modified_gmt":"2024-11-21T17:38:45","slug":"colibri-wp","status":"publish","type":"page","link":"https:\/\/xn--markfrmark-eeb.de\/","title":{"rendered":"Front Page"},"content":{"rendered":"<div data-colibri-id=\"42-c1\" class=\"style-188 style-local-42-c1 position-relative\">\n  <!---->\n  <div data-colibri-component=\"section\" data-colibri-id=\"42-c2\" id=\"custom\" class=\"h-section h-section-global-spacing d-flex align-items-lg-center align-items-md-center align-items-center style-325 style-local-42-c2 position-relative\">\n    <!---->\n    <!---->\n    <div class=\"h-section-grid-container h-section-boxed-container\">\n      <!---->\n      <div data-colibri-id=\"42-c3\" class=\"h-row-container gutters-row-lg-2 gutters-row-md-2 gutters-row-0 gutters-row-v-lg-2 gutters-row-v-md-2 gutters-row-v-2 style-326 style-local-42-c3 position-relative\">\n        <!---->\n        <div class=\"h-row justify-content-lg-center justify-content-md-center justify-content-center align-items-lg-stretch align-items-md-stretch align-items-stretch gutters-col-lg-2 gutters-col-md-2 gutters-col-0 gutters-col-v-lg-2 gutters-col-v-md-2 gutters-col-v-2\">\n          <!---->\n          <div class=\"h-column h-column-container d-flex h-col-lg-auto h-col-md-auto h-col-auto style-327-outer style-local-42-c4-outer\">\n            <div data-colibri-id=\"42-c4\" class=\"d-flex h-flex-basis h-column__inner h-px-lg-2 h-px-md-2 h-px-2 v-inner-lg-2 v-inner-md-2 v-inner-2 style-327 style-local-42-c4 position-relative\">\n              <!---->\n              <!---->\n              <div class=\"w-100 h-y-container h-column__content h-column__v-align flex-basis-100 align-self-lg-start align-self-md-start align-self-start\">\n                <!---->\n                <div data-colibri-id=\"42-c5\" class=\"h-global-transition-all h-heading style-328 style-local-42-c5 position-relative h-element\">\n                  <!---->\n                  <div class=\"h-heading__outer style-328 style-local-42-c5\">\n                    <!---->\n                    <!---->\n                    <h1 class=\"\">Eine Linke f\u00fcr Alle? Klar.<\/h1>\n                  <\/div>\n                <\/div>\n                <div data-colibri-id=\"42-c6\" class=\"h-text h-text-component style-334 style-local-42-c6 position-relative h-element\">\n                  <!---->\n                  <!---->\n                  <div class=\"\">\n                    <p>Zur Bundestagswahl 2025 bin ich Direktkandidat in meinem Heimatwahlkreis 4 &#8211; Rendsburg-Eckernf\u00f6rde. Ich setze mich f\u00fcr die Menschen in meiner Region ein und m\u00f6chte meinen Kindern eine bessere Welt hinterlassen, als ich sie vorgefunden\n                      habe.<\/p>\n                    <p>Zusammen mit der Linken k\u00e4mpfe ich jeden Tag f\u00fcr soziale Gerechtigkeit, Chancengleichheit und noch viel mehr. Wir d\u00fcrfen den Rechten keine B\u00fchne bieten und m\u00fcssen unsere Demokratie wehrhaft verteidigen, egal ob hier oder anderswo in\n                      Deutschland.<\/p>\n                    <p>Deshalb bitte ich um eure Spende, um f\u00fcr ein besseres, gerechteres und faires Schleswig-Holstein zu k\u00e4mpfen. Jeder Euro hilft beim Kampf f\u00fcr Chancengleichheit, soziale Gerechtigkeit und nachhaltiger Zukunft. Danke!<\/p>\n                  <\/div>\n                <\/div>\n              <\/div>\n            <\/div>\n          <\/div>\n        <\/div>\n      <\/div>\n      <div data-colibri-id=\"42-c8\" class=\"h-row-container gutters-row-lg-2 gutters-row-md-2 gutters-row-0 gutters-row-v-lg-2 gutters-row-v-md-2 gutters-row-v-2 style-329 style-local-42-c8 position-relative\">\n        <!---->\n        <div class=\"h-row justify-content-lg-center justify-content-md-center justify-content-center align-items-lg-stretch align-items-md-stretch align-items-stretch gutters-col-lg-2 gutters-col-md-2 gutters-col-0 gutters-col-v-lg-2 gutters-col-v-md-2 gutters-col-v-2\">\n          <!---->\n          <div class=\"h-column h-column-container d-flex h-col-lg-auto h-col-md-auto h-col-auto style-330-outer style-local-42-c9-outer\">\n            <div data-colibri-id=\"42-c9\" class=\"d-flex h-flex-basis h-column__inner h-px-lg-2 h-px-md-2 h-px-2 v-inner-lg-2 v-inner-md-2 v-inner-2 style-330 style-local-42-c9 position-relative\">\n              <!---->\n              <!---->\n              <div class=\"w-100 h-y-container h-column__content h-column__v-align flex-basis-100 align-self-lg-start align-self-md-start align-self-start\">\n                <!---->\n                <div data-colibri-id=\"42-c7\" class=\"h-global-transition-all h-heading style-335 style-local-42-c7 position-relative h-element\">\n                  <!---->\n                  <div class=\"h-heading__outer style-335 style-local-42-c7\">\n                    <!---->\n                    <!---->\n                    <h1 class=\"\">Was muss ich alles wissen?<\/h1>\n                  <\/div>\n                <\/div>\n                <div data-colibri-id=\"42-c10\" class=\"h-text h-text-component style-336 style-local-42-c10 position-relative h-element\">\n                  <!---->\n                  <!---->\n                  <div class=\"\">\n                    <p>F\u00fcr Parteispenden wird dem Steuerpflichtigen gem\u00e4\u00df \u00a7 34g EStG eine Erm\u00e4\u00dfigung der Einkommensteuer gew\u00e4hrt. 50&nbsp;% des gespendeten Betrags k\u00f6nnen direkt von der Steuerschuld abgezogen werden, maximal 825 Euro (erreicht bei einer\n                      Spendensumme von 1.650 Euro). Bei Ehepartnern betr\u00e4gt der maximale Abzug 1.650 Euro (erreicht bei einer Spendensumme von 3.300 Euro).<\/p>\n                    <p>Werden pro Kalenderjahr mehr als 1.650 Euro (bzw. mehr als 3.300 Euro bei Ehepartnern) an Parteien gespendet, kann der \u00fcbersteigende Teil der Spendensumme gem\u00e4\u00df \u00a7 10b Abs.&nbsp;2 EStG als Sonderausgabe abgezogen werden. F\u00fcr diesen\n                      Teil gilt erneut eine Grenze von 1.650 Euro (bei Ehepartnern 3.300 Euro). Da hierdurch lediglich das zu versteuernde Einkommen gemindert wird, h\u00e4ngt die Steuerersparnis f\u00fcr diesen Teil vom pers\u00f6nlichen Steuersatz ab.<\/p>\n                    <p>Werden mehr als 3.300 Euro (bei Ehepartnern 6.600 Euro) j\u00e4hrlich an politische Parteien gespendet, ist der \u00fcbersteigende Teil nicht mehr steuerlich beg\u00fcnstigt.<\/p>\n                  <\/div>\n                <\/div>\n              <\/div>\n            <\/div>\n          <\/div>\n        <\/div>\n      <\/div>\n      <div data-colibri-id=\"42-c11\" class=\"h-row-container gutters-row-lg-2 gutters-row-md-2 gutters-row-0 gutters-row-v-lg-2 gutters-row-v-md-2 gutters-row-v-2 style-337 style-local-42-c11 position-relative\">\n        <!---->\n        <div class=\"h-row justify-content-lg-center justify-content-md-center justify-content-center align-items-lg-stretch align-items-md-stretch align-items-stretch gutters-col-lg-2 gutters-col-md-2 gutters-col-0 gutters-col-v-lg-2 gutters-col-v-md-2 gutters-col-v-2\">\n          <!---->\n          <div class=\"h-column h-column-container d-flex h-col-lg-auto h-col-md-auto h-col-auto style-338-outer style-local-42-c12-outer\">\n            <div data-colibri-id=\"42-c12\" class=\"d-flex h-flex-basis h-column__inner h-px-lg-2 h-px-md-2 h-px-2 v-inner-lg-2 v-inner-md-2 v-inner-2 style-338 style-local-42-c12 position-relative\">\n              <!---->\n              <!---->\n              <div class=\"w-100 h-y-container h-column__content h-column__v-align flex-basis-100 align-self-lg-start align-self-md-start align-self-start\">\n                <!---->\n                <div data-colibri-id=\"42-c13\" class=\"h-global-transition-all h-heading style-339 style-local-42-c13 position-relative h-element\">\n                  <!---->\n                  <div class=\"h-heading__outer style-339 style-local-42-c13\">\n                    <!---->\n                    <!---->\n                    <h1 class=\"\">Wer ist f\u00fcr das alles verantwortlich?<\/h1>\n                  <\/div>\n                <\/div>\n                <div data-colibri-id=\"42-c14\" class=\"h-text h-text-component style-340 style-local-42-c14 position-relative h-element\">\n                  <!---->\n                  <!---->\n                  <div class=\"\">\n                    <p><strong style=\"font-size: 16px; font-family: &quot;Open Sans&quot;; color: rgb(70, 112, 127);\">Die Linke Rendsburg-Eckernf\u00f6rde<\/strong>\n                      <br><span style=\"font-weight: 400; font-size: 16px; font-family: &quot;Open Sans&quot;; color: rgb(70, 112, 127);\">Kolberger Stra\u00dfe 69<\/span>\n                      <br><span style=\"font-weight: 400; font-size: 16px; font-family: &quot;Open Sans&quot;; color: rgb(70, 112, 127);\">24768 Rendsburg<\/span>\n                      <br><span style=\"font-weight: 400; font-size: 16px; font-family: &quot;Open Sans&quot;; color: rgb(70, 112, 127);\">Telefon: 04331 335753<\/span><\/p>\n                  <\/div>\n                <\/div>\n              <\/div>\n            <\/div>\n          <\/div>\n        <\/div>\n      <\/div>\n    <\/div>\n  <\/div>\n<\/div>","protected":false},"excerpt":{"rendered":"<p>Eine Linke f\u00fcr Alle? Klar. Zur Bundestagswahl 2025 bin ich Direktkandidat in meinem Heimatwahlkreis 4 &#8211; Rendsburg-Eckernf\u00f6rde. Ich setze mich f\u00fcr die Menschen in meiner Region ein und m\u00f6chte meinen Kindern eine bessere Welt hinterlassen, als ich sie vorgefunden habe. Zusammen mit der Linken k\u00e4mpfe ich jeden Tag f\u00fcr soziale Gerechtigkeit, Chancengleichheit und noch viel [&hellip;]<\/p>\n","protected":false},"author":1,"featured_media":0,"parent":0,"menu_order":0,"comment_status":"closed","ping_status":"closed","template":"page-templates\/homepage.php","meta":{"footnotes":""},"class_list":["post-42","page","type-page","status-publish","hentry"],"_links":{"self":[{"href":"https:\/\/xn--markfrmark-eeb.de\/index.php?rest_route=\/wp\/v2\/pages\/42","targetHints":{"allow":["GET"]}}],"collection":[{"href":"https:\/\/xn--markfrmark-eeb.de\/index.php?rest_route=\/wp\/v2\/pages"}],"about":[{"href":"https:\/\/xn--markfrmark-eeb.de\/index.php?rest_route=\/wp\/v2\/types\/page"}],"author":[{"embeddable":true,"href":"https:\/\/xn--markfrmark-eeb.de\/index.php?rest_route=\/wp\/v2\/users\/1"}],"replies":[{"embeddable":true,"href":"https:\/\/xn--markfrmark-eeb.de\/index.php?rest_route=%2Fwp%2Fv2%2Fcomments&post=42"}],"version-history":[{"count":20,"href":"https:\/\/xn--markfrmark-eeb.de\/index.php?rest_route=\/wp\/v2\/pages\/42\/revisions"}],"predecessor-version":[{"id":333,"href":"https:\/\/xn--markfrmark-eeb.de\/index.php?rest_route=\/wp\/v2\/pages\/42\/revisions\/333"}],"wp:attachment":[{"href":"https:\/\/xn--markfrmark-eeb.de\/index.php?rest_route=%2Fwp%2Fv2%2Fmedia&parent=42"}],"curies":[{"name":"wp","href":"https:\/\/api.w.org\/{rel}","templated":true}]}}